{"id":1083,"date":"2020-06-16T15:00:05","date_gmt":"2020-06-16T15:00:05","guid":{"rendered":"http:\/\/www.youredge.eu.uvirt85.active24.cz\/?page_id=1083"},"modified":"2024-09-10T15:01:10","modified_gmt":"2024-09-10T15:01:10","slug":"information-systems","status":"publish","type":"page","link":"https:\/\/www.youredge.eu\/cs\/information-systems\/","title":{"rendered":"Informa\u010dn\u00ed syst\u00e9my"},"content":{"rendered":"<div style=\"height:20px\" aria-hidden=\"true\" class=\"wp-block-spacer\"><\/div>\n\n\n\n<p>Informa\u010dn\u00ed syst\u00e9my se staly zdrojem konkuren\u010dn\u00ed v\u00fdhody. Potenci\u00e1l spole\u010dnost\u00ed transformovat sv\u00e9 obchodn\u00ed modely nebo zlep\u0161it jejich efektivitu prost\u0159ednictv\u00edm informa\u010dn\u00edch syst\u00e9m\u016f je obrovsk\u00fd. Pom\u00e1h\u00e1me klient\u016fm tuto konkuren\u010dn\u00ed v\u00fdhodu identifikovat a budovat.<\/p>\n\n\n\n<p>N\u00e1\u0161 t\u00fdm konzultant\u016f m\u00e1 mnohalet\u00e9 zku\u0161enosti v oboru softwarov\u00e9ho in\u017een\u00fdrstv\u00ed. Na\u0161i konzultanti se \u00fa\u010dastnili mnoha projekt\u016f nap\u0159\u00ed\u010d odv\u011btv\u00edmi, kde zast\u00e1vali r\u016fzn\u00e9 role. R\u00e1di s V\u00e1mi budeme tyto rozs\u00e1hl\u00e9 zku\u0161enosti sd\u00edlet.<\/p>\n\n\n\n<p>Zam\u011b\u0159ujeme se p\u0159edev\u0161\u00edm na poskytov\u00e1n\u00ed slu\u017eeb, kter\u00e9 pom\u00e1haj\u00ed klient\u016fm v jejich rovnov\u00e1ze mezi insourcingem a outsourcingem, pom\u00e1haj\u00ed s \u0159\u00edzen\u00edm komplexn\u00edch IT projekt\u016f a zaji\u0161\u0165uj\u00ed slu\u017eby procesn\u00edho in\u017een\u00fdrstv\u00ed, proto\u017ee \u00fasp\u011b\u0161n\u00fd informa\u010dn\u00ed syst\u00e9m mus\u00ed zapadnout do sv\u00e9ho procesn\u00edho prost\u0159ed\u00ed.<\/p>\n\n\n\n<p>Jsme sice nez\u00e1visl\u00ed na technologii, ale z\u00e1rove\u0148 m\u00e1me rozs\u00e1hl\u00e9 zku\u0161enosti s mnoha \u0161pi\u010dkov\u00fdmi technologiemi.<\/p>\n\n\n\n<hr class=\"wp-block-separator has-css-opacity\"\/>\n\n\n\n<h6 class=\"wp-block-heading has-text-align-center\">Jak pom\u00e1h\u00e1me<\/h6>\n\n\n\n<div class=\"wp-block-columns is-layout-flex wp-container-core-columns-is-layout-1 wp-block-columns-is-layout-flex\">\n<div class=\"wp-block-column is-layout-flow wp-block-column-is-layout-flow\">\n<ul class=\"we-help-list\">\n    <li>\n        <div id=\"go-back-button\">\n            <p>\n                <a href=\"https:\/\/www.youredge.eu\/cs\/information-systems\/it-project-optimization\/\">\n                    Optimalizace IT projekt\u016f\n                <\/a>\n            <\/p>\n        <\/div>\n    <\/li>\n\n<li>\n        <div id=\"go-back-button\">\n            <p>\n                <a href=\"https:\/\/www.youredge.eu\/cs\/information-systems\/process-engineering\/\">\n                    Procesn\u00ed in\u017een\u00fdrstv\u00ed\n                <\/a>\n            <\/p>\n        <\/div>\n    <\/li>\n<\/ul>\n\n\n\n<p><\/p>\n<\/div>\n\n\n\n<div class=\"wp-block-column is-layout-flow wp-block-column-is-layout-flow\">\n<ul class=\"we-help-list\">\n    <li>\n        <div id=\"go-back-button\">\n            <p>\n                <a href=\"https:\/\/www.youredge.eu\/cs\/information-systems\/it-sourcing-service-providers\/\">\n                        IT sourcing &amp; dodavatel\u00e9 \n                <\/a>\n            <\/p>\n        <\/div>\n    <\/li>\n<li>\n        <div id=\"go-back-button\">\n            <p>\n                <a href=\"https:\/\/www.youredge.eu\/cs\/information-systems\/quality-assurance-testing\/\">\n                        Quality Assurance &amp; Testing\n                <\/a>\n            <\/p>\n        <\/div>\n    <\/li>\n<\/ul>\n\n\n\n<p><\/p>\n<\/div>\n<\/div>\n\n\n\n<hr class=\"wp-block-separator has-css-opacity\"\/>\n\n\n\n<h6 class=\"wp-block-heading has-text-align-center\">Na\u0161e \u0159e\u0161en\u00ed<\/h6>\n\n\n<section class=\"ab-block-post-grid featuredpost aligncenter no-click\"><div class=\"ab-post-grid-items is-grid columns-3\"><article id=\"post-1649\" class=\"ab-post-grid-item post-1649 post type-post status-publish format-standard has-post-thumbnail hentry category-our-solutions-in-information-systems category-pe-our-solutions category-your-edge-blog\"><div class=\"ab-block-post-grid-image\"><a href=\"https:\/\/www.youredge.eu\/cs\/complex-process-reengineering\/\" rel=\"bookmark\" aria-hidden=\"true\" tabindex=\"-1\"><img loading=\"lazy\" decoding=\"async\" width=\"760\" height=\"480\" src=\"https:\/\/www.youredge.eu\/wp-content\/uploads\/2020\/06\/5.png\" class=\"attachment-full size-full\" alt=\"\" srcset=\"https:\/\/www.youredge.eu\/wp-content\/uploads\/2020\/06\/5.png 760w, https:\/\/www.youredge.eu\/wp-content\/uploads\/2020\/06\/5-300x189.png 300w\" sizes=\"(max-width: 760px) 100vw, 760px\" \/><\/a><\/div><div class=\"ab-block-post-grid-text\"><header class=\"ab-block-post-grid-header\"><h4 class=\"ab-block-post-grid-title\"><a href=\"https:\/\/www.youredge.eu\/cs\/complex-process-reengineering\/\" rel=\"bookmark\">Complex Process Reengineering<\/a><\/h4><div class=\"ab-block-post-grid-byline\"><\/div><\/header><div class=\"ab-block-post-grid-excerpt\"><p>Pom\u00e1h\u00e1me zlep\u0161ovat flexibilitu a agilitu organizace i poskytovanou hodnotu.<\/p>\n<\/div><\/div><\/article>\n<article id=\"post-1598\" class=\"ab-post-grid-item post-1598 post type-post status-publish format-standard has-post-thumbnail hentry category-itpo-our-solutions category-our-solutions-in-information-systems category-your-edge-blog\"><div class=\"ab-block-post-grid-image\"><a href=\"https:\/\/www.youredge.eu\/cs\/aligning-a-project-with-the-business-strategy\/\" rel=\"bookmark\" aria-hidden=\"true\" tabindex=\"-1\"><img loading=\"lazy\" decoding=\"async\" width=\"760\" height=\"480\" src=\"https:\/\/www.youredge.eu\/wp-content\/uploads\/2020\/06\/8.png\" class=\"attachment-full size-full\" alt=\"\" srcset=\"https:\/\/www.youredge.eu\/wp-content\/uploads\/2020\/06\/8.png 760w, https:\/\/www.youredge.eu\/wp-content\/uploads\/2020\/06\/8-300x189.png 300w\" sizes=\"(max-width: 760px) 100vw, 760px\" \/><\/a><\/div><div class=\"ab-block-post-grid-text\"><header class=\"ab-block-post-grid-header\"><h4 class=\"ab-block-post-grid-title\"><a href=\"https:\/\/www.youredge.eu\/cs\/aligning-a-project-with-the-business-strategy\/\" rel=\"bookmark\">Aligning a Project with the Business Strategy<\/a><\/h4><div class=\"ab-block-post-grid-byline\"><\/div><\/header><div class=\"ab-block-post-grid-excerpt\"><p>Pom\u00e1h\u00e1me p\u0159eklenout strategii a jej\u00ed realizaci.<\/p>\n<\/div><\/div><\/article>\n<article id=\"post-1570\" class=\"ab-post-grid-item post-1570 post type-post status-publish format-standard has-post-thumbnail hentry category-itssp-our-solutions category-our-solutions-in-information-systems category-your-edge-blog\"><div class=\"ab-block-post-grid-image\"><a href=\"https:\/\/www.youredge.eu\/cs\/execution-of-expert-quality-assurance\/\" rel=\"bookmark\" aria-hidden=\"true\" tabindex=\"-1\"><img loading=\"lazy\" decoding=\"async\" width=\"811\" height=\"512\" src=\"https:\/\/www.youredge.eu\/wp-content\/uploads\/2020\/06\/data-assesment.png\" class=\"attachment-full size-full\" alt=\"\" srcset=\"https:\/\/www.youredge.eu\/wp-content\/uploads\/2020\/06\/data-assesment.png 811w, https:\/\/www.youredge.eu\/wp-content\/uploads\/2020\/06\/data-assesment-300x189.png 300w, https:\/\/www.youredge.eu\/wp-content\/uploads\/2020\/06\/data-assesment-768x485.png 768w\" sizes=\"(max-width: 811px) 100vw, 811px\" \/><\/a><\/div><div class=\"ab-block-post-grid-text\"><header class=\"ab-block-post-grid-header\"><h4 class=\"ab-block-post-grid-title\"><a href=\"https:\/\/www.youredge.eu\/cs\/execution-of-expert-quality-assurance\/\" rel=\"bookmark\">Profesion\u00e1ln\u00ed zaji\u0161t\u011bn\u00ed kvality<\/a><\/h4><div class=\"ab-block-post-grid-byline\"><\/div><\/header><div class=\"ab-block-post-grid-excerpt\"><p>Ov\u011b\u0159en\u00ed kvality dod\u00e1vek pr\u016fb\u011b\u017en\u011b nebo ve vybran\u00fdch miln\u00edc\u00edch projektu.<\/p>\n<\/div><\/div><\/article>\n<\/div><\/section>\n\n\n<hr class=\"wp-block-separator has-css-opacity\"\/>\n\n\n\n<h6 class=\"wp-block-heading has-text-align-center\">P\u0159\u00edb\u011bh klienta<\/h6>\n\n\n<section class=\"ab-block-post-grid featuredpost aligncenter\"><div class=\"ab-post-grid-items is-list\"><article id=\"post-1614\" class=\"ab-post-grid-item post-1614 post type-post status-publish format-standard has-post-thumbnail hentry category-client-story-in-information-systems category-itpo-client-story category-your-edge-blog\"><div class=\"ab-block-post-grid-image\"><a href=\"https:\/\/www.youredge.eu\/cs\/core-banking-system\/\" rel=\"bookmark\" aria-hidden=\"true\" tabindex=\"-1\"><img loading=\"lazy\" decoding=\"async\" width=\"811\" height=\"512\" src=\"https:\/\/www.youredge.eu\/wp-content\/uploads\/2020\/06\/data-assesment.png\" class=\"attachment-full size-full\" alt=\"\" srcset=\"https:\/\/www.youredge.eu\/wp-content\/uploads\/2020\/06\/data-assesment.png 811w, https:\/\/www.youredge.eu\/wp-content\/uploads\/2020\/06\/data-assesment-300x189.png 300w, https:\/\/www.youredge.eu\/wp-content\/uploads\/2020\/06\/data-assesment-768x485.png 768w\" sizes=\"(max-width: 811px) 100vw, 811px\" \/><\/a><\/div><div class=\"ab-block-post-grid-text\"><header class=\"ab-block-post-grid-header\"><h3 class=\"ab-block-post-grid-title\"><a href=\"https:\/\/www.youredge.eu\/cs\/core-banking-system\/\" rel=\"bookmark\">Core Banking System<\/a><\/h3><div class=\"ab-block-post-grid-byline\"><\/div><\/header><div class=\"ab-block-post-grid-excerpt\"><p>C\u00edlem implementace bankovn\u00edho syst\u00e9mu bylo udr\u017eet a d\u00e1le zlep\u0161it postaven\u00ed kl\u00ed\u010dov\u00e9ho hr\u00e1\u010de na trhu stavebn\u00edho spo\u0159en\u00ed prost\u0159ednictv\u00edm v\u00fdm\u011bny a nasazen\u00ed kl\u00ed\u010dov\u00fdch prvk\u016f podnikov\u00e9 architektury. Byl zaveden nov\u00fd Core Banking System, syst\u00e9my pro \u0159\u00edzen\u00ed prodeje a vztah\u016f se z\u00e1kazn\u00edky (CRM).<\/p>\n<p><a class=\"ab-block-post-grid-more-link ab-text-link\" href=\"https:\/\/www.youredge.eu\/cs\/core-banking-system\/\" rel=\"bookmark\">\u010c\u00edst v\u00edce &gt; <span class=\"screen-reader-text\">Core Banking System<\/span><\/a><\/p><\/div><\/div><\/article>\n<\/div><\/section>\n\n\n<hr class=\"wp-block-separator has-css-opacity\"\/>\n\n\n\n<h6 class=\"wp-block-heading has-text-align-center\">Bezplatn\u00e9 ohodnocen\u00ed<\/h6>\n\n\n<section class=\"ab-block-post-grid featuredpost aligncenter no-click\"><div class=\"ab-post-grid-items is-grid columns-2\"><article id=\"post-1632\" class=\"ab-post-grid-item post-1632 post type-post status-publish format-standard has-post-thumbnail hentry category-free-assessment-in-information-systemd category-itpo-assessment category-your-edge-blog\"><div class=\"ab-block-post-grid-image\"><a href=\"https:\/\/www.youredge.eu\/cs\/assessment-of-project-management\/\" rel=\"bookmark\" aria-hidden=\"true\" tabindex=\"-1\"><img loading=\"lazy\" decoding=\"async\" width=\"788\" height=\"512\" src=\"https:\/\/www.youredge.eu\/wp-content\/uploads\/2020\/06\/organization-asses.png\" class=\"attachment-full size-full\" alt=\"oganization asssessment\" srcset=\"https:\/\/www.youredge.eu\/wp-content\/uploads\/2020\/06\/organization-asses.png 788w, https:\/\/www.youredge.eu\/wp-content\/uploads\/2020\/06\/organization-asses-300x195.png 300w, https:\/\/www.youredge.eu\/wp-content\/uploads\/2020\/06\/organization-asses-768x499.png 768w\" sizes=\"(max-width: 788px) 100vw, 788px\" \/><\/a><\/div><div class=\"ab-block-post-grid-text\"><header class=\"ab-block-post-grid-header\"><h4 class=\"ab-block-post-grid-title\"><a href=\"https:\/\/www.youredge.eu\/cs\/assessment-of-project-management\/\" rel=\"bookmark\">Assessment of Project Management<\/a><\/h4><div class=\"ab-block-post-grid-byline\"><\/div><\/header><div class=\"ab-block-post-grid-excerpt\"><p>Lid\u00e9, procesy, n\u00e1stroje a techniky pro \u0159\u00edzen\u00ed projekt\u016f.<\/p>\n<\/div><\/div><\/article>\n<article id=\"post-1576\" class=\"ab-post-grid-item post-1576 post type-post status-publish format-standard has-post-thumbnail hentry category-free-assessment-in-information-systemd category-itssp-assesssmet category-your-edge-blog\"><div class=\"ab-block-post-grid-image\"><a href=\"https:\/\/www.youredge.eu\/cs\/assessment-of-an-outsourcing-strategy\/\" rel=\"bookmark\" aria-hidden=\"true\" tabindex=\"-1\"><img loading=\"lazy\" decoding=\"async\" width=\"760\" height=\"480\" src=\"https:\/\/www.youredge.eu\/wp-content\/uploads\/2020\/06\/10.png\" class=\"attachment-full size-full\" alt=\"\" srcset=\"https:\/\/www.youredge.eu\/wp-content\/uploads\/2020\/06\/10.png 760w, https:\/\/www.youredge.eu\/wp-content\/uploads\/2020\/06\/10-300x189.png 300w\" sizes=\"(max-width: 760px) 100vw, 760px\" \/><\/a><\/div><div class=\"ab-block-post-grid-text\"><header class=\"ab-block-post-grid-header\"><h4 class=\"ab-block-post-grid-title\"><a href=\"https:\/\/www.youredge.eu\/cs\/assessment-of-an-outsourcing-strategy\/\" rel=\"bookmark\">Posouzen\u00ed strategie outsourcingu<\/a><\/h4><div class=\"ab-block-post-grid-byline\"><\/div><\/header><div class=\"ab-block-post-grid-excerpt\"><p>Posouzen\u00ed rovnov\u00e1hy mezi outsourcingem a insourcingem v organizaci klienta.<\/p>\n<\/div><\/div><\/article>\n<\/div><\/section>\n\n\n<h6 class=\"wp-block-heading has-text-align-center\">Na\u0161i lid\u00e9<\/h6>\n\n\n\n<div class=\"our-team-wrapper\">\n<div class=\"our-team\">\n<div class=\"team-member\">\n<div class=\"team-member-img-wrapper\">\n<img decoding=\"async\" src=\"\/wp-content\/uploads\/2020\/11\/rounded-Jakub-V\u00e1\u0148a-FA.jpg\">\n<\/div>\n<h4>Jakub V\u00e1\u0148a<\/h4>\n<h5>Senior Consultant<\/h5>\n<p>\nHelps clients on a number of business-technology issues, including CRM Systems and Integration\n\u200b<\/p>\n<\/div>\n<div class=\"team-member\">\n<div class=\"team-member-img-wrapper\">\n<img decoding=\"async\" src=\"\/wp-content\/uploads\/2020\/11\/rounded-Marek-Pavluch-FA.jpg\">\n<\/div>\n<h4>Marek Pavluch<\/h4>\n<h5>Senior Consultant<\/h5>\n<p>\nHelps clients realize their business value through Information Management and Information Technology\n\u200b<\/p>\n<\/div>\n<\/div>\n<\/div>\n\n\n\n<h6 class=\"wp-block-heading has-text-align-center extra-top-margin extra-bottom-margin\">Jak V\u00e1m m\u016f\u017eeme pomoci?<\/h6>\n\n\n\n<div style=\"display:flex;justify-content:center;\">\n<a href=\"https:\/\/www.youredge.eu\/cs\/contact-us\/\" class=\"myButton\">Kontaktuje n\u00e1s<\/a>\n<\/div>","protected":false},"excerpt":{"rendered":"<p>Information systems have become a source of edge. The potential of companies to transform their business models or improve their efficiency through Information Systems is immense. We help clients identify and build this edge. Our team of consultants has many years of experience across the art of Software Engineering. Since our consultants participated in many [&hellip;]<\/p>","protected":false},"author":1,"featured_media":1460,"parent":0,"menu_order":0,"comment_status":"closed","ping_status":"closed","template":"templates\/template-cover.php","meta":{"inline_featured_image":false,"footnotes":""},"class_list":["post-1083","page","type-page","status-publish","has-post-thumbnail","hentry"],"featured_image_src":"https:\/\/www.youredge.eu\/wp-content\/uploads\/2020\/06\/waves-600x400.jpg","featured_image_src_square":"https:\/\/www.youredge.eu\/wp-content\/uploads\/2020\/06\/waves-600x600.jpg","yoast_head":"<!-- This site is optimized with the Yoast SEO plugin v14.9 - https:\/\/yoast.com\/wordpress\/plugins\/seo\/ -->\n<title>Information Systems - Your Edge<\/title>\n<meta name=\"robots\" content=\"index, follow, max-snippet:-1, max-image-preview:large, max-video-preview:-1\" \/>\n<link rel=\"canonical\" href=\"https:\/\/www.youredge.eu\/cs\/information-systems\/\" \/>\n<meta property=\"og:locale\" content=\"cs_CZ\" \/>\n<meta property=\"og:type\" content=\"article\" \/>\n<meta property=\"og:title\" content=\"Information Systems - Your Edge\" \/>\n<meta property=\"og:description\" content=\"Information systems have become a source of edge. The potential of companies to transform their business models or improve their efficiency through Information Systems is immense. We help clients identify and build this edge. Our team of consultants has many years of experience across the art of Software Engineering. Since our consultants participated in many [&hellip;]\" \/>\n<meta property=\"og:url\" content=\"https:\/\/www.youredge.eu\/cs\/information-systems\/\" \/>\n<meta property=\"og:site_name\" content=\"Your Edge\" \/>\n<meta property=\"article:modified_time\" content=\"2024-09-10T15:01:10+00:00\" \/>\n<meta property=\"og:image\" content=\"https:\/\/www.youredge.eu\/wp-content\/uploads\/2020\/06\/waves-scaled.jpg\" \/>\n\t<meta property=\"og:image:width\" content=\"2560\" \/>\n\t<meta property=\"og:image:height\" content=\"1270\" \/>\n<meta name=\"twitter:card\" content=\"summary_large_image\" \/>\n<script type=\"application\/ld+json\" class=\"yoast-schema-graph\">{\"@context\":\"https:\/\/schema.org\",\"@graph\":[{\"@type\":\"Organization\",\"@id\":\"https:\/\/www.youredge.eu\/cs\/#organization\",\"name\":\"Your Edge\",\"url\":\"https:\/\/www.youredge.eu\/cs\/\",\"sameAs\":[],\"logo\":{\"@type\":\"ImageObject\",\"@id\":\"https:\/\/www.youredge.eu\/cs\/#logo\",\"inLanguage\":\"cs\",\"url\":\"https:\/\/www.youredge.eu\/wp-content\/uploads\/2020\/06\/site-logo.png\",\"width\":40,\"height\":40,\"caption\":\"Your Edge\"},\"image\":{\"@id\":\"https:\/\/www.youredge.eu\/cs\/#logo\"}},{\"@type\":\"WebSite\",\"@id\":\"https:\/\/www.youredge.eu\/cs\/#website\",\"url\":\"https:\/\/www.youredge.eu\/cs\/\",\"name\":\"Your Edge\",\"description\":\"\",\"publisher\":{\"@id\":\"https:\/\/www.youredge.eu\/cs\/#organization\"},\"potentialAction\":[{\"@type\":\"SearchAction\",\"target\":\"https:\/\/www.youredge.eu\/cs\/?s={search_term_string}\",\"query-input\":\"required name=search_term_string\"}],\"inLanguage\":\"cs\"},{\"@type\":\"ImageObject\",\"@id\":\"https:\/\/www.youredge.eu\/cs\/information-systems\/#primaryimage\",\"inLanguage\":\"cs\",\"url\":\"https:\/\/www.youredge.eu\/wp-content\/uploads\/2020\/06\/waves-scaled.jpg\",\"width\":2560,\"height\":1270},{\"@type\":\"WebPage\",\"@id\":\"https:\/\/www.youredge.eu\/cs\/information-systems\/#webpage\",\"url\":\"https:\/\/www.youredge.eu\/cs\/information-systems\/\",\"name\":\"Information Systems - Your Edge\",\"isPartOf\":{\"@id\":\"https:\/\/www.youredge.eu\/cs\/#website\"},\"primaryImageOfPage\":{\"@id\":\"https:\/\/www.youredge.eu\/cs\/information-systems\/#primaryimage\"},\"datePublished\":\"2020-06-16T15:00:05+00:00\",\"dateModified\":\"2024-09-10T15:01:10+00:00\",\"inLanguage\":\"cs\",\"potentialAction\":[{\"@type\":\"ReadAction\",\"target\":[\"https:\/\/www.youredge.eu\/cs\/information-systems\/\"]}]}]}<\/script>\n<!-- \/ Yoast SEO plugin. -->","_links":{"self":[{"href":"https:\/\/www.youredge.eu\/cs\/wp-json\/wp\/v2\/pages\/1083"}],"collection":[{"href":"https:\/\/www.youredge.eu\/cs\/wp-json\/wp\/v2\/pages"}],"about":[{"href":"https:\/\/www.youredge.eu\/cs\/wp-json\/wp\/v2\/types\/page"}],"author":[{"embeddable":true,"href":"https:\/\/www.youredge.eu\/cs\/wp-json\/wp\/v2\/users\/1"}],"replies":[{"embeddable":true,"href":"https:\/\/www.youredge.eu\/cs\/wp-json\/wp\/v2\/comments?post=1083"}],"version-history":[{"count":41,"href":"https:\/\/www.youredge.eu\/cs\/wp-json\/wp\/v2\/pages\/1083\/revisions"}],"predecessor-version":[{"id":2968,"href":"https:\/\/www.youredge.eu\/cs\/wp-json\/wp\/v2\/pages\/1083\/revisions\/2968"}],"wp:featuredmedia":[{"embeddable":true,"href":"https:\/\/www.youredge.eu\/cs\/wp-json\/wp\/v2\/media\/1460"}],"wp:attachment":[{"href":"https:\/\/www.youredge.eu\/cs\/wp-json\/wp\/v2\/media?parent=1083"}],"curies":[{"name":"wp","href":"https:\/\/api.w.org\/{rel}","templated":true}]}}