{"id":1395,"date":"2020-06-22T14:53:28","date_gmt":"2020-06-22T14:53:28","guid":{"rendered":"http:\/\/www.youredge.eu.uvirt85.active24.cz\/?page_id=1395"},"modified":"2024-09-10T15:15:06","modified_gmt":"2024-09-10T15:15:06","slug":"data-warehousing-and-business-intelligence","status":"publish","type":"page","link":"https:\/\/www.youredge.eu\/cs\/data-and-analytics\/data-warehousing-and-business-intelligence\/","title":{"rendered":"Data Warehousing &#038; Business Intelligence"},"content":{"rendered":"<div style=\"height:20px\" aria-hidden=\"true\" class=\"wp-block-spacer\"><\/div>\n\n\n\n<p>Data Warehousing (datov\u00e9 sklady) &amp; Business Intelligence je zam\u011b\u0159ena na poskytov\u00e1n\u00ed kvalitn\u00edch dat pro podporu rozhodov\u00e1n\u00ed integrac\u00ed dat z r\u016fzn\u00fdch zdroj\u016f do spole\u010dn\u00e9ho datov\u00e9ho modelu organizace a podporou organizac\u00edm v anal\u00fdze, rozhodov\u00e1n\u00ed a reportov\u00e1n\u00ed. Podle spole\u010dnosti DAMA International je vybudov\u00e1n\u00ed Data Warehouse &amp; Business Intelligence typicky motivov\u00e1no n\u00e1sleduj\u00edc\u00edmi motivy:&nbsp;<\/p>\n\n\n\n<ul style=\"margin-bottom:10px;margin-left:1.5rem;\">\n\n<li>\nBusiness Intelligence - prim\u00e1rn\u00ed hnac\u00ed silou p\u0159i budov\u00e1n\u00ed datov\u00e9ho skladu (Data Warehouse) je z\u00edskat lep\u0161\u00ed p\u0159ehled o z\u00e1kazn\u00edc\u00edch, produktech a financ\u00edch organizace a dal\u0161\u00edch oblastech.\n<\/li>\n\n<li>\nProvozn\u00ed efektivita - jedn\u00e1n\u00ed na z\u00e1klad\u011b znalost\u00ed z\u00edskan\u00fdch z Business Intelligence zvy\u0161uje efektivitu organizac\u00ed a podporuje je tak ve zlep\u0161ov\u00e1n\u00ed jejich n\u00e1skoku p\u0159ed konkurenc\u00ed.\n<\/li>\n<li>\nCompliance - zejm\u00e9na finan\u010dn\u00ed organizace jsou povinny poskytovat \u00fa\u0159ad\u016fm data, aby prok\u00e1zaly, \u017ee spl\u0148uj\u00ed regula\u010dn\u00ed po\u017eadavky, a dce\u0159in\u00e9 spole\u010dnosti mus\u00ed b\u00fdt v souladu se svou mate\u0159skou organizac\u00ed.\n<\/li>\n<\/ul>\n\n\n\n<hr class=\"wp-block-separator has-css-opacity\"\/>\n\n\n\n<h6 class=\"wp-block-heading has-text-align-center extra-bottom-margin\">Jak pom\u00e1h\u00e1me<\/h6>\n\n\n\n<p>N\u00e1\u0161 t\u00fdm technologicky nez\u00e1visl\u00fdch poradc\u016f pom\u00e1h\u00e1 klient\u016fm z\u00edskat lep\u0161\u00ed p\u0159ehled o jejich podnik\u00e1n\u00ed, zv\u00fd\u0161it jejich provozn\u00ed efektivitu a zajistit Compliance t\u00edm, \u017ee jim pom\u00e1h\u00e1 vytv\u00e1\u0159et, optimalizovat a upgradovat \u0159e\u0161en\u00ed Data Warehouse &amp; Business Intelligence.&nbsp;<\/p>\n\n\n\n<p>V\u011b\u0159\u00edme, \u017ee \u00fasp\u011b\u0161n\u00e9 \u0159e\u0161en\u00ed Data Warehouse &amp; Business Intelligence vy\u017eaduje komplexn\u00ed porozum\u011bn\u00ed business informa\u010dn\u00edm pot\u0159eb\u00e1m klienta v kontextu jeho business strategie a business proces\u016f, d\u00e1le \u0159e\u0161en\u00ed, kter\u00e9 svou hodnotu p\u0159in\u00e1\u0161\u00ed klient\u016fm rychle, a vhodnou technologickou platformu. Na\u0161i konzultanti maj\u00ed bohat\u00e9 zku\u0161enosti s hlavn\u00edmi on-premise technologiemi (Teradata, Oracle, Microsoft) a d\u00e1le se zab\u00fdvaj\u00ed t\u00edm, kde nejl\u00e9pe vyhovuj\u00ed technologie on-demand (cloud).&nbsp;<\/p>\n\n\n\n<p>Na\u0161e slu\u017eby mohou b\u00fdt charakteru krat\u0161\u00ed spolupr\u00e1ce, kter\u00e1 pom\u016f\u017ee klientovi definovat jeho pot\u0159ebu po \u0159e\u0161en\u00ed Data Warehousing &amp; Business Intelligence t\u00edm, \u017ee pom\u016f\u017eeme p\u0159ipravit koncept c\u00edlov\u00e9ho \u0159e\u0161en\u00ed, kter\u00fd lze pou\u017e\u00edt v n\u00e1sledn\u00e9m v\u00fdb\u011brov\u00e9 \u0159\u00edzen\u00ed na dodavatele \u0159e\u0161en\u00ed (Request for Proposal), zlep\u0161\u00ed jeho sou\u010dasn\u00e9 \u0161patn\u011b funguj\u00edc\u00ed \u0159e\u0161en\u00ed (z pohledu pln\u011bn\u00ed o\u010dek\u00e1v\u00e1n\u00ed businessu nebo technick\u00fdch vlastnost\u00ed) nebo komplexn\u011bj\u0161\u00ed projekt vybudov\u00e1n\u00ed vhodn\u00e9ho \u0159e\u0161en\u00ed.\u00a0<\/p>\n\n\n\n<hr class=\"wp-block-separator has-css-opacity\"\/>\n\n\n\n<h6 class=\"wp-block-heading has-text-align-center\">N\u00e1\u0161 p\u0159\u00edstup<\/h6>\n\n\n<section class=\"ab-block-post-grid featuredpost aligncenter\"><div class=\"ab-post-grid-items is-list\"><article id=\"post-1401\" class=\"ab-post-grid-item post-1401 post type-post status-publish format-standard has-post-thumbnail hentry category-dwb-our-approach category-your-edge-blog\"><div class=\"ab-block-post-grid-image\"><a href=\"https:\/\/www.youredge.eu\/cs\/building-data-warehouse-and-business-intelligence\/\" rel=\"bookmark\" aria-hidden=\"true\" tabindex=\"-1\"><img loading=\"lazy\" decoding=\"async\" width=\"600\" height=\"400\" src=\"https:\/\/www.youredge.eu\/wp-content\/uploads\/2020\/06\/Data-Warehousing-padded-600x400.png\" class=\"attachment-ab-block-post-grid-landscape size-ab-block-post-grid-landscape\" alt=\"\" \/><\/a><\/div><div class=\"ab-block-post-grid-text\"><header class=\"ab-block-post-grid-header\"><h3 class=\"ab-block-post-grid-title\"><a href=\"https:\/\/www.youredge.eu\/cs\/building-data-warehouse-and-business-intelligence\/\" rel=\"bookmark\">Budov\u00e1n\u00ed \u0159e\u0161en\u00ed Data Warehousing &amp; Business Intelligence<\/a><\/h3><div class=\"ab-block-post-grid-byline\"><\/div><\/header><div class=\"ab-block-post-grid-excerpt\"><p>N\u00e1\u0161 p\u0159\u00edstup k budov\u00e1n\u00ed \u0159e\u0161en\u00ed Data Warehousing &amp; Business Intelligence je zalo\u017een na dvou z\u00e1kladn\u00edch p\u0159\u00edstupech - rozpracov\u00e1n\u00ed \u0159e\u0161en\u00ed od informa\u010dn\u00edch pot\u0159eb business u\u017eivatel\u016f (Enterprise Information Modeling) a poskytov\u00e1n\u00ed business hodnoty klient\u016fm co nejd\u0159\u00edve (hybridn\u00ed p\u0159\u00edstup k budov\u00e1n\u00ed DWH).<\/p>\n<p><a class=\"ab-block-post-grid-more-link ab-text-link\" href=\"https:\/\/www.youredge.eu\/cs\/building-data-warehouse-and-business-intelligence\/\" rel=\"bookmark\">\u010c\u00edst v\u00edce &gt; <span class=\"screen-reader-text\">Budov\u00e1n\u00ed \u0159e\u0161en\u00ed Data Warehousing &amp; Business Intelligence<\/span><\/a><\/p><\/div><\/div><\/article>\n<\/div><\/section>\n\n\n<hr class=\"wp-block-separator has-css-opacity\"\/>\n\n\n\n<h6 class=\"wp-block-heading has-text-align-center\">Na\u0161e \u0159e\u0161en\u00ed<\/h6>\n\n\n<section class=\"ab-block-post-grid featuredpost aligncenter no-click\"><div class=\"ab-post-grid-items is-grid columns-3\"><article id=\"post-1424\" class=\"ab-post-grid-item post-1424 post type-post status-publish format-standard has-post-thumbnail hentry category-dwb-our-solutions category-your-edge-blog\"><div class=\"ab-block-post-grid-image\"><a href=\"https:\/\/www.youredge.eu\/cs\/data-warehouse-and-business-intelligence-solution-upgrade\/\" rel=\"bookmark\" aria-hidden=\"true\" tabindex=\"-1\"><img loading=\"lazy\" decoding=\"async\" width=\"788\" height=\"512\" src=\"https:\/\/www.youredge.eu\/wp-content\/uploads\/2020\/06\/organization-asses.png\" class=\"attachment-full size-full\" alt=\"oganization asssessment\" srcset=\"https:\/\/www.youredge.eu\/wp-content\/uploads\/2020\/06\/organization-asses.png 788w, https:\/\/www.youredge.eu\/wp-content\/uploads\/2020\/06\/organization-asses-300x195.png 300w, https:\/\/www.youredge.eu\/wp-content\/uploads\/2020\/06\/organization-asses-768x499.png 768w\" sizes=\"(max-width: 788px) 100vw, 788px\" \/><\/a><\/div><div class=\"ab-block-post-grid-text\"><header class=\"ab-block-post-grid-header\"><h4 class=\"ab-block-post-grid-title\"><a href=\"https:\/\/www.youredge.eu\/cs\/data-warehouse-and-business-intelligence-solution-upgrade\/\" rel=\"bookmark\">Data Warehouse and Business Intelligence Solution Upgrade<\/a><\/h4><div class=\"ab-block-post-grid-byline\"><\/div><\/header><div class=\"ab-block-post-grid-excerpt\"><p>Podpora klienta p\u0159i upgradu jeho sou\u010dasn\u00e9ho \u0159e\u0161en\u00ed (nap\u0159. datab\u00e1zov\u00e9ho syst\u00e9mu nebo platformy ETL).<\/p>\n<\/div><\/div><\/article>\n<article id=\"post-1422\" class=\"ab-post-grid-item post-1422 post type-post status-publish format-standard has-post-thumbnail hentry category-dwb-our-solutions category-your-edge-blog\"><div class=\"ab-block-post-grid-image\"><a href=\"https:\/\/www.youredge.eu\/cs\/data-warehouse-and-business-intelligence-solution-optimization\/\" rel=\"bookmark\" aria-hidden=\"true\" tabindex=\"-1\"><img loading=\"lazy\" decoding=\"async\" width=\"788\" height=\"512\" src=\"https:\/\/www.youredge.eu\/wp-content\/uploads\/2020\/06\/data-asses.png\" class=\"attachment-full size-full\" alt=\"data assessment\" srcset=\"https:\/\/www.youredge.eu\/wp-content\/uploads\/2020\/06\/data-asses.png 788w, https:\/\/www.youredge.eu\/wp-content\/uploads\/2020\/06\/data-asses-300x195.png 300w, https:\/\/www.youredge.eu\/wp-content\/uploads\/2020\/06\/data-asses-768x499.png 768w\" sizes=\"(max-width: 788px) 100vw, 788px\" \/><\/a><\/div><div class=\"ab-block-post-grid-text\"><header class=\"ab-block-post-grid-header\"><h4 class=\"ab-block-post-grid-title\"><a href=\"https:\/\/www.youredge.eu\/cs\/data-warehouse-and-business-intelligence-solution-optimization\/\" rel=\"bookmark\">Data Warehouse and Business Intelligence Solution Optimization<\/a><\/h4><div class=\"ab-block-post-grid-byline\"><\/div><\/header><div class=\"ab-block-post-grid-excerpt\"><p>P\u0159epracov\u00e1n\u00ed (optimalizace) st\u00e1vaj\u00edc\u00edho \u0159e\u0161en\u00ed klienta s problematick\u00fdm v\u00fdkonem (motivov\u00e1no nadm\u011brnou spot\u0159ebou zdroj\u016f a tedy zbyte\u010dn\u00fdmi v\u00fddaji za infrastrukturu).<\/p>\n<\/div><\/div><\/article>\n<article id=\"post-1420\" class=\"ab-post-grid-item post-1420 post type-post status-publish format-standard has-post-thumbnail hentry category-dwb-our-solutions category-your-edge-blog\"><div class=\"ab-block-post-grid-image\"><a href=\"https:\/\/www.youredge.eu\/cs\/data-warehouse-and-business-intelligence-solution-redesign\/\" rel=\"bookmark\" aria-hidden=\"true\" tabindex=\"-1\"><img loading=\"lazy\" decoding=\"async\" width=\"811\" height=\"512\" src=\"https:\/\/www.youredge.eu\/wp-content\/uploads\/2020\/06\/data-management.png\" class=\"attachment-full size-full\" alt=\"\" srcset=\"https:\/\/www.youredge.eu\/wp-content\/uploads\/2020\/06\/data-management.png 811w, https:\/\/www.youredge.eu\/wp-content\/uploads\/2020\/06\/data-management-300x189.png 300w, https:\/\/www.youredge.eu\/wp-content\/uploads\/2020\/06\/data-management-768x485.png 768w\" sizes=\"(max-width: 811px) 100vw, 811px\" \/><\/a><\/div><div class=\"ab-block-post-grid-text\"><header class=\"ab-block-post-grid-header\"><h4 class=\"ab-block-post-grid-title\"><a href=\"https:\/\/www.youredge.eu\/cs\/data-warehouse-and-business-intelligence-solution-redesign\/\" rel=\"bookmark\">Data Warehouse and Business Intelligence Solution Redesign<\/a><\/h4><div class=\"ab-block-post-grid-byline\"><\/div><\/header><div class=\"ab-block-post-grid-excerpt\"><p>P\u0159epracov\u00e1n\u00ed st\u00e1vaj\u00edc\u00edho \u0159e\u0161en\u00ed klienta, kter\u00e9 nespl\u0148uje obchodn\u00ed o\u010dek\u00e1v\u00e1n\u00ed (nap\u0159. chyb\u011bj\u00edc\u00ed data, \u0161patn\u00e1 kvalita).<\/p>\n<\/div><\/div><\/article>\n<article id=\"post-1418\" class=\"ab-post-grid-item post-1418 post type-post status-publish format-standard has-post-thumbnail hentry category-dwb-our-solutions category-our-solution-datanalytics category-your-edge-blog\"><div class=\"ab-block-post-grid-image\"><a href=\"https:\/\/www.youredge.eu\/cs\/data-warehouse-and-business-intelligence-solution-development\/\" rel=\"bookmark\" aria-hidden=\"true\" tabindex=\"-1\"><img loading=\"lazy\" decoding=\"async\" width=\"811\" height=\"512\" src=\"https:\/\/www.youredge.eu\/wp-content\/uploads\/2020\/06\/data-assesment.png\" class=\"attachment-full size-full\" alt=\"\" srcset=\"https:\/\/www.youredge.eu\/wp-content\/uploads\/2020\/06\/data-assesment.png 811w, https:\/\/www.youredge.eu\/wp-content\/uploads\/2020\/06\/data-assesment-300x189.png 300w, https:\/\/www.youredge.eu\/wp-content\/uploads\/2020\/06\/data-assesment-768x485.png 768w\" sizes=\"(max-width: 811px) 100vw, 811px\" \/><\/a><\/div><div class=\"ab-block-post-grid-text\"><header class=\"ab-block-post-grid-header\"><h4 class=\"ab-block-post-grid-title\"><a href=\"https:\/\/www.youredge.eu\/cs\/data-warehouse-and-business-intelligence-solution-development\/\" rel=\"bookmark\">Data Warehouse and Business Intelligence Solution Development<\/a><\/h4><div class=\"ab-block-post-grid-byline\"><\/div><\/header><div class=\"ab-block-post-grid-excerpt\"><p>Budov\u00e1n\u00ed nov\u00e9ho \u0159e\u0161en\u00ed tzv. \"na zelen\u00e9 louce\".<\/p>\n<\/div><\/div><\/article>\n<article id=\"post-1416\" class=\"ab-post-grid-item post-1416 post type-post status-publish format-standard has-post-thumbnail hentry category-dwb-our-solutions category-your-edge-blog\"><div class=\"ab-block-post-grid-image\"><a href=\"https:\/\/www.youredge.eu\/cs\/data-warehouse-and-business-intelligence-solution-study\/\" rel=\"bookmark\" aria-hidden=\"true\" tabindex=\"-1\"><img loading=\"lazy\" decoding=\"async\" width=\"811\" height=\"512\" src=\"https:\/\/www.youredge.eu\/wp-content\/uploads\/2020\/06\/ai-models.png\" class=\"attachment-full size-full\" alt=\"backtesting-ai\" srcset=\"https:\/\/www.youredge.eu\/wp-content\/uploads\/2020\/06\/ai-models.png 811w, https:\/\/www.youredge.eu\/wp-content\/uploads\/2020\/06\/ai-models-300x189.png 300w, https:\/\/www.youredge.eu\/wp-content\/uploads\/2020\/06\/ai-models-768x485.png 768w\" sizes=\"(max-width: 811px) 100vw, 811px\" \/><\/a><\/div><div class=\"ab-block-post-grid-text\"><header class=\"ab-block-post-grid-header\"><h4 class=\"ab-block-post-grid-title\"><a href=\"https:\/\/www.youredge.eu\/cs\/data-warehouse-and-business-intelligence-solution-study\/\" rel=\"bookmark\">Data Warehouse and Business Intelligence Solution Study<\/a><\/h4><div class=\"ab-block-post-grid-byline\"><\/div><\/header><div class=\"ab-block-post-grid-excerpt\"><p>P\u0159\u00edprava studie pro nov\u00e9 \u0159e\u0161en\u00ed, dle o\u010dek\u00e1v\u00e1n\u00ed klienta (nap\u0159. pro vyu\u017eit\u00ed p\u0159i n\u00e1sledn\u00e9 popt\u00e1vce, Request for Porposal).<\/p>\n<\/div><\/div><\/article>\n<\/div><\/section>\n\n\n<hr class=\"wp-block-separator has-css-opacity\"\/>\n\n\n\n<h6 class=\"wp-block-heading has-text-align-center\">P\u0159\u00edb\u011bh klienta<\/h6>\n\n\n<section class=\"ab-block-post-grid featuredpost aligncenter\"><div class=\"ab-post-grid-items is-list\"><article id=\"post-1464\" class=\"ab-post-grid-item post-1464 post type-post status-publish format-standard has-post-thumbnail hentry category-dwb-client-story category-your-edge-blog\"><div class=\"ab-block-post-grid-image\"><a href=\"https:\/\/www.youredge.eu\/cs\/teradata-data-warehouse-upgrade\/\" rel=\"bookmark\" aria-hidden=\"true\" tabindex=\"-1\"><img loading=\"lazy\" decoding=\"async\" width=\"600\" height=\"400\" src=\"https:\/\/www.youredge.eu\/wp-content\/uploads\/2020\/06\/6-600x400.png\" class=\"attachment-ab-block-post-grid-landscape size-ab-block-post-grid-landscape\" alt=\"\" \/><\/a><\/div><div class=\"ab-block-post-grid-text\"><header class=\"ab-block-post-grid-header\"><h3 class=\"ab-block-post-grid-title\"><a href=\"https:\/\/www.youredge.eu\/cs\/teradata-data-warehouse-upgrade\/\" rel=\"bookmark\">Teradata Data Warehouse Upgrade<\/a><\/h3><div class=\"ab-block-post-grid-byline\"><\/div><\/header><div class=\"ab-block-post-grid-excerpt\"><p>C\u00edlem tohoto projektu bylo upgradovat produk\u010dn\u00ed prost\u0159ed\u00ed datov\u00e9ho skladu tak, aby umo\u017e\u0148oval efektivn\u00ed poskytov\u00e1n\u00ed slu\u017eeb spr\u00e1vy informac\u00ed v r\u00e1mci nadn\u00e1rodn\u00edho prost\u0159ed\u00ed.<\/p>\n<p><a class=\"ab-block-post-grid-more-link ab-text-link\" href=\"https:\/\/www.youredge.eu\/cs\/teradata-data-warehouse-upgrade\/\" rel=\"bookmark\">\u010c\u00edst v\u00edce &gt; <span class=\"screen-reader-text\">Teradata Data Warehouse Upgrade<\/span><\/a><\/p><\/div><\/div><\/article>\n<\/div><\/section>\n\n\n<hr class=\"wp-block-separator has-css-opacity\"\/>\n\n\n\n<h6 class=\"wp-block-heading has-text-align-center\">Bezplatn\u00e9 ohodnocen\u00ed<\/h6>\n\n\n<section class=\"ab-block-post-grid featuredpost aligncenter no-click\"><div class=\"ab-post-grid-items is-grid columns-2\"><article id=\"post-1472\" class=\"ab-post-grid-item post-1472 post type-post status-publish format-standard has-post-thumbnail hentry category-dwb-assessment category-your-edge-blog\"><div class=\"ab-block-post-grid-image\"><a href=\"https:\/\/www.youredge.eu\/cs\/assessment-of-a-data-warehouse-and-business-intelligence-business-performance\/\" rel=\"bookmark\" aria-hidden=\"true\" tabindex=\"-1\"><img loading=\"lazy\" decoding=\"async\" width=\"600\" height=\"400\" src=\"https:\/\/www.youredge.eu\/wp-content\/uploads\/2020\/06\/data-management-600x400.png\" class=\"attachment-ab-block-post-grid-landscape size-ab-block-post-grid-landscape\" alt=\"\" \/><\/a><\/div><div class=\"ab-block-post-grid-text\"><header class=\"ab-block-post-grid-header\"><h4 class=\"ab-block-post-grid-title\"><a href=\"https:\/\/www.youredge.eu\/cs\/assessment-of-a-data-warehouse-and-business-intelligence-business-performance\/\" rel=\"bookmark\">Assessment of a Data Warehouse and Business Intelligence Business Performance<\/a><\/h4><div class=\"ab-block-post-grid-byline\"><\/div><\/header><div class=\"ab-block-post-grid-excerpt\"><p>Identifikace business probl\u00e9m\u016f st\u00e1vaj\u00edc\u00edho \u0159e\u0161en\u00ed klienta a n\u00e1vrh \u0159e\u0161en\u00ed.<\/p>\n<\/div><\/div><\/article>\n<article id=\"post-1470\" class=\"ab-post-grid-item post-1470 post type-post status-publish format-standard has-post-thumbnail hentry category-dwb-assessment category-your-edge-blog\"><div class=\"ab-block-post-grid-image\"><a href=\"https:\/\/www.youredge.eu\/cs\/assessment-of-a-data-warehouse-and-business-intelligence-technical-performance\/\" rel=\"bookmark\" aria-hidden=\"true\" tabindex=\"-1\"><img loading=\"lazy\" decoding=\"async\" width=\"600\" height=\"400\" src=\"https:\/\/www.youredge.eu\/wp-content\/uploads\/2020\/06\/organization-asses-600x400.png\" class=\"attachment-ab-block-post-grid-landscape size-ab-block-post-grid-landscape\" alt=\"oganization asssessment\" \/><\/a><\/div><div class=\"ab-block-post-grid-text\"><header class=\"ab-block-post-grid-header\"><h4 class=\"ab-block-post-grid-title\"><a href=\"https:\/\/www.youredge.eu\/cs\/assessment-of-a-data-warehouse-and-business-intelligence-technical-performance\/\" rel=\"bookmark\">Assessment of a Data Warehouse and Business Intelligence Technical Performance<\/a><\/h4><div class=\"ab-block-post-grid-byline\"><\/div><\/header><div class=\"ab-block-post-grid-excerpt\"><p>Identifikace technick\u00fdch probl\u00e9m\u016f st\u00e1vaj\u00edc\u00edho \u0159e\u0161en\u00ed klienta a n\u00e1vrh \u0159e\u0161en\u00ed.<\/p>\n<\/div><\/div><\/article>\n<\/div><\/section>\n\n\n<hr class=\"wp-block-separator has-css-opacity extra-top-margin\"\/>\n\n\n\n<h6 class=\"wp-block-heading has-text-align-center extra-bottom-margin\">Jak V\u00e1m m\u016f\u017eeme pomoci?<\/h6>\n\n\n\n<div style=\"display:flex;justify-content:center;\">\n<a href=\"https:\/\/www.youredge.eu\/cs\/contact-us\/\" class=\"myButton\">Kontaktuje n\u00e1s<\/a>\n<\/div>","protected":false},"excerpt":{"rendered":"<p>Data Warehousing &amp; Business Intelligence is focused on providing quality data to support decisions by integrating data from various sources into a common organization data model and helping organizations with their analysis, decision making, and reporting. According to the DAMA International, establishing a Data Warehouse &amp; Business Intelligence is typically motivated by the following drivers:&nbsp; [&hellip;]<\/p>","protected":false},"author":1,"featured_media":527,"parent":2,"menu_order":0,"comment_status":"closed","ping_status":"closed","template":"templates\/template-cover.php","meta":{"inline_featured_image":false,"footnotes":""},"class_list":["post-1395","page","type-page","status-publish","has-post-thumbnail","hentry"],"featured_image_src":"https:\/\/www.youredge.eu\/wp-content\/uploads\/2020\/06\/featured-image-if-none.png","featured_image_src_square":"https:\/\/www.youredge.eu\/wp-content\/uploads\/2020\/06\/featured-image-if-none.png","yoast_head":"<!-- This site is optimized with the Yoast SEO plugin v14.9 - https:\/\/yoast.com\/wordpress\/plugins\/seo\/ -->\n<title>Data Warehousing &amp; Business Intelligence - Your Edge<\/title>\n<meta name=\"robots\" content=\"index, follow, max-snippet:-1, max-image-preview:large, max-video-preview:-1\" \/>\n<link rel=\"canonical\" href=\"https:\/\/www.youredge.eu\/cs\/data-and-analytics\/data-warehousing-and-business-intelligence\/\" \/>\n<meta property=\"og:locale\" content=\"cs_CZ\" \/>\n<meta property=\"og:type\" content=\"article\" \/>\n<meta property=\"og:title\" content=\"Data Warehousing &amp; Business Intelligence - Your Edge\" \/>\n<meta property=\"og:description\" content=\"Data Warehousing &amp; Business Intelligence is focused on providing quality data to support decisions by integrating data from various sources into a common organization data model and helping organizations with their analysis, decision making, and reporting. According to the DAMA International, establishing a Data Warehouse &amp; Business Intelligence is typically motivated by the following drivers:&nbsp; [&hellip;]\" \/>\n<meta property=\"og:url\" content=\"https:\/\/www.youredge.eu\/cs\/data-and-analytics\/data-warehousing-and-business-intelligence\/\" \/>\n<meta property=\"og:site_name\" content=\"Your Edge\" \/>\n<meta property=\"article:modified_time\" content=\"2024-09-10T15:15:06+00:00\" \/>\n<meta property=\"og:image\" content=\"https:\/\/www.youredge.eu\/wp-content\/uploads\/2020\/06\/featured-image-if-none.png\" \/>\n\t<meta property=\"og:image:width\" content=\"240\" \/>\n\t<meta property=\"og:image:height\" content=\"169\" \/>\n<meta name=\"twitter:card\" content=\"summary_large_image\" \/>\n<script type=\"application\/ld+json\" class=\"yoast-schema-graph\">{\"@context\":\"https:\/\/schema.org\",\"@graph\":[{\"@type\":\"Organization\",\"@id\":\"https:\/\/www.youredge.eu\/cs\/#organization\",\"name\":\"Your Edge\",\"url\":\"https:\/\/www.youredge.eu\/cs\/\",\"sameAs\":[],\"logo\":{\"@type\":\"ImageObject\",\"@id\":\"https:\/\/www.youredge.eu\/cs\/#logo\",\"inLanguage\":\"cs\",\"url\":\"https:\/\/www.youredge.eu\/wp-content\/uploads\/2020\/06\/site-logo.png\",\"width\":40,\"height\":40,\"caption\":\"Your Edge\"},\"image\":{\"@id\":\"https:\/\/www.youredge.eu\/cs\/#logo\"}},{\"@type\":\"WebSite\",\"@id\":\"https:\/\/www.youredge.eu\/cs\/#website\",\"url\":\"https:\/\/www.youredge.eu\/cs\/\",\"name\":\"Your Edge\",\"description\":\"\",\"publisher\":{\"@id\":\"https:\/\/www.youredge.eu\/cs\/#organization\"},\"potentialAction\":[{\"@type\":\"SearchAction\",\"target\":\"https:\/\/www.youredge.eu\/cs\/?s={search_term_string}\",\"query-input\":\"required name=search_term_string\"}],\"inLanguage\":\"cs\"},{\"@type\":\"ImageObject\",\"@id\":\"https:\/\/www.youredge.eu\/cs\/data-and-analytics\/data-warehousing-and-business-intelligence\/#primaryimage\",\"inLanguage\":\"cs\",\"url\":\"https:\/\/www.youredge.eu\/wp-content\/uploads\/2020\/06\/featured-image-if-none.png\",\"width\":240,\"height\":169},{\"@type\":\"WebPage\",\"@id\":\"https:\/\/www.youredge.eu\/cs\/data-and-analytics\/data-warehousing-and-business-intelligence\/#webpage\",\"url\":\"https:\/\/www.youredge.eu\/cs\/data-and-analytics\/data-warehousing-and-business-intelligence\/\",\"name\":\"Data Warehousing & Business Intelligence - Your Edge\",\"isPartOf\":{\"@id\":\"https:\/\/www.youredge.eu\/cs\/#website\"},\"primaryImageOfPage\":{\"@id\":\"https:\/\/www.youredge.eu\/cs\/data-and-analytics\/data-warehousing-and-business-intelligence\/#primaryimage\"},\"datePublished\":\"2020-06-22T14:53:28+00:00\",\"dateModified\":\"2024-09-10T15:15:06+00:00\",\"inLanguage\":\"cs\",\"potentialAction\":[{\"@type\":\"ReadAction\",\"target\":[\"https:\/\/www.youredge.eu\/cs\/data-and-analytics\/data-warehousing-and-business-intelligence\/\"]}]}]}<\/script>\n<!-- \/ Yoast SEO plugin. -->","_links":{"self":[{"href":"https:\/\/www.youredge.eu\/cs\/wp-json\/wp\/v2\/pages\/1395"}],"collection":[{"href":"https:\/\/www.youredge.eu\/cs\/wp-json\/wp\/v2\/pages"}],"about":[{"href":"https:\/\/www.youredge.eu\/cs\/wp-json\/wp\/v2\/types\/page"}],"author":[{"embeddable":true,"href":"https:\/\/www.youredge.eu\/cs\/wp-json\/wp\/v2\/users\/1"}],"replies":[{"embeddable":true,"href":"https:\/\/www.youredge.eu\/cs\/wp-json\/wp\/v2\/comments?post=1395"}],"version-history":[{"count":21,"href":"https:\/\/www.youredge.eu\/cs\/wp-json\/wp\/v2\/pages\/1395\/revisions"}],"predecessor-version":[{"id":2972,"href":"https:\/\/www.youredge.eu\/cs\/wp-json\/wp\/v2\/pages\/1395\/revisions\/2972"}],"up":[{"embeddable":true,"href":"https:\/\/www.youredge.eu\/cs\/wp-json\/wp\/v2\/pages\/2"}],"wp:featuredmedia":[{"embeddable":true,"href":"https:\/\/www.youredge.eu\/cs\/wp-json\/wp\/v2\/media\/527"}],"wp:attachment":[{"href":"https:\/\/www.youredge.eu\/cs\/wp-json\/wp\/v2\/media?parent=1395"}],"curies":[{"name":"wp","href":"https:\/\/api.w.org\/{rel}","templated":true}]}}