{"id":2787,"date":"2024-01-05T00:28:50","date_gmt":"2024-01-05T00:28:50","guid":{"rendered":"https:\/\/www.youredge.eu\/?page_id=2787"},"modified":"2024-01-09T18:54:15","modified_gmt":"2024-01-09T18:54:15","slug":"recruitment-services","status":"publish","type":"page","link":"https:\/\/www.youredge.eu\/cs\/recruitment-services\/","title":{"rendered":"N\u00e1borov\u00e9 slu\u017eby"},"content":{"rendered":"<p>Lid\u00e9, kte\u0159\u00ed pro V\u00e1s pracuj\u00ed, jsou kl\u00ed\u010dov\u00fdm zdrojem Va\u0161\u00ed konkuren\u010dn\u00ed v\u00fdhody. Na\u0161e posl\u00e1n\u00ed je pom\u00e1hat V\u00e1m tuto v\u00fdhodu budovat prost\u0159ednictv\u00edm na\u0161ich n\u00e1borov\u00fdch slu\u017eeb.<\/p>\n\n\n\n<p>Na rozd\u00edl od tradi\u010dn\u00edch pracovn\u00edch agentur, na\u0161e slu\u017eby v oblasti n\u00e1boru stav\u00ed na hlubok\u00e9m porozum\u011bn\u00ed oblastem Data &amp; Analytics a Information Systems, ve kter\u00fdch tak\u00e9 p\u0159\u00edmo dod\u00e1v\u00e1me na\u0161e profesion\u00e1ln\u00ed slu\u017eby. Tato specializace n\u00e1m umo\u017e\u0148uje l\u00e9pe porozum\u011bt Va\u0161im pot\u0159eb\u00e1m a situac\u00edm a poskytnout V\u00e1m odborn\u00edky, kte\u0159\u00ed V\u00e1m nejl\u00e9pe vyhov\u00ed.<\/p>\n\n\n\n<p>Nab\u00edz\u00edme dv\u011b t\u0159\u00eddy n\u00e1borov\u00fdch slu\u017eeb \u2013 Recruitment a Bodyshopping, abychom efektivn\u011b podpo\u0159ili v\u00e1\u0161 n\u00e1borov\u00fd proces v t\u011bch oblastech, kde je to nejv\u00edce pot\u0159eba.<\/p>\n\n\n\n<p>Na\u0161i kandid\u00e1ti se v p\u0159edn\u00edch spole\u010dnostech ve financ\u00edch a telekomunikac\u00edch uplat\u0148uj\u00ed v \u0161irok\u00e9 \u0161k\u00e1le oblast\u00ed: od anal\u00fdzy a architektury, p\u0159es v\u00fdvoj, testov\u00e1n\u00ed a provoz DWH, n\u00e1vrh a implementaci \u0159e\u0161en\u00ed v Big Data, automatizaci testov\u00e1n\u00ed a Test Management, a\u017e po v\u00fdvoj back-end a front-end webov\u00fdch aplikac\u00ed.<\/p>\n\n\n\n<hr class=\"wp-block-separator\"\/>\n\n\n\n<h6 class=\"has-text-align-center wp-block-heading\">N\u00e1borov\u00e9 slu\u017eby<\/h6>\n\n\n\n<div class=\"recruitment-links\">\n<a class=\"recruitment-link\" href=\"https:\/\/www.youredge.eu\/cs\/recruitment\/\">\n<div>\n<h4>Recruitment<\/h4>\n<p>Komplexn\u00ed n\u00e1borov\u00e9 slu\u017eby s osobn\u00edm p\u0159\u00edstupem a z\u00e1rukou kvality pro dlouhodobou spolupr\u00e1ci<\/p>\n<\/div>\n<\/a>\n<a class=\"recruitment-link\" href=\"https:\/\/www.youredge.eu\/cs\/bodyshopping\/\">\n<div>\n<h4>Bodyshopping<\/h4>\n<p>\u0158e\u0161en\u00ed pro projekty vy\u017eaduj\u00edc\u00ed vz\u00e1cn\u00e9 odborn\u00e9 dovednosti a\/nebo flexibilitu<\/p>\n<\/div>\n<\/a>\n<\/div>\n\n\n\n<hr class=\"wp-block-separator\"\/>\n\n\n\n<h6 class=\"has-text-align-center wp-block-heading\">Pro\u010d Your Edge<\/h6>\n\n\n\n<ul class=\"wp-block-list\"><li><strong>Hlubok\u00e9 porozum\u011bn\u00ed pot\u0159eb\u00e1m klient\u016f: <\/strong>Sou\u010dasn\u011b s Recruitment Services poskytujeme tak\u00e9 Professional Services v oblastech Data &amp; Analytics a Information Systems, a tedy rozum\u00edme po\u017eadovan\u00fdm kompetenc\u00edm l\u00e9pe ne\u017e b\u011b\u017en\u00e1 agentura.<\/li><li><strong>Schopnost prov\u011b\u0159it kompetence kandid\u00e1t\u016f: <\/strong>Bu\u010f p\u0159\u00edmo disponujeme konzultanty, kte\u0159\u00ed dovedou odborn\u011b prov\u011b\u0159it po\u017eadovan\u00e9 kompetence kandid\u00e1t\u016f, nebo pro prov\u011b\u0159en\u00ed kompetenc\u00ed vyu\u017e\u00edv\u00e1me na\u0161i \u0161irokou s\u00ed\u0165 odborn\u00edk\u016f.<\/li><li><strong>Holistick\u00e9 hodnocen\u00ed kandid\u00e1t\u016f: <\/strong>Krom\u011b technick\u00fdch dovednost\u00ed a zku\u0161enost\u00ed hodnot\u00edme kandid\u00e1ty tak\u00e9 na z\u00e1klad\u011b m\u011bkk\u00fdch krit\u00e9ri\u00ed, pro jejich\u017e komplexn\u00ed posouzen\u00ed vyu\u017e\u00edv\u00e1me modern\u00ed metody, jako na p\u0159\u00edklad Gallup 5 Strengths a Hexaco.<\/li><li><strong>Vysok\u00fd po\u010det kvalitn\u00edch kandid\u00e1t\u016f v dosahu: <\/strong>Disponujeme a d\u00e1le rozv\u00edj\u00edme intern\u00ed datab\u00e1zi kandid\u00e1t\u016f a budujeme vztahy s partnersk\u00fdmi firmami a profesion\u00e1ly tak, abychom dok\u00e1zali nab\u00eddnout co nejlep\u0161\u00ed kandid\u00e1ty v co nejkrat\u0161\u00edm \u010dase.<\/li><li><strong>Personalizovan\u00fd p\u0159\u00edstup: <\/strong>Ka\u017ed\u00fd klient a n\u00e1borov\u00fd projekt je pro n\u00e1s jedine\u010dn\u00fd, a proto usilujeme o personalizovan\u00fd servis, kdy \u0159e\u0161en\u00ed navrhujeme na z\u00e1klad\u011b hlubok\u00e9ho a komplexn\u00edho porozum\u011bn\u00ed pot\u0159eb\u00e1m a situaci klienta.<\/li><li><strong>Usilujeme o dlouhodob\u00fd vztah s V\u00e1mi: <\/strong>Obslou\u017e\u00edme V\u00e1s t\u00edm l\u00e9pe, \u010d\u00edm l\u00e9pe V\u00e1s pozn\u00e1me, a proto se pr\u016fb\u011b\u017en\u011b sna\u017e\u00edme pozn\u00e1vat a porozum\u011bt Va\u0161\u00ed situaci tak, abychom V\u00e1m mohli poskytovat co nejl\u00e9pe p\u0159izp\u016fsobenou slu\u017ebu.<\/li><li><strong>Inovace a efektivita: <\/strong>Jsme technologickou firmou, zam\u011b\u0159enou na inovace. D\u00edky tomu jsme i v oblasti Recruitmentu zam\u011b\u0159eni na soustavn\u00e9 zlep\u0161ov\u00e1n\u00ed a zefektiv\u0148ov\u00e1n\u00ed implementace na\u0161ich proces\u016f s pou\u017eit\u00edm technologi\u00ed, v\u010detn\u011b um\u011bl\u00e9 inteligence.<\/li><li><strong>Transparentnost a p\u0159edv\u00eddatelnost: <\/strong>Usilujeme o otev\u0159enou a transparentn\u00ed komunikaci s klienty jak o vlastnostech poskytovan\u00fdch slu\u017eeb, tak b\u011bhem realizace, kdy db\u00e1me na pravideln\u00e9 aktualizace a jasnou komunikaci o pr\u016fb\u011bhu projekt\u016f.<\/li><li><strong>Reference p\u0159edn\u00edch spole\u010dnost\u00ed: <\/strong>V\u00e1\u017e\u00edme si d\u016fv\u011bry, kterou v na\u0161e slu\u017eby vkl\u00e1daj\u00ed p\u0159edn\u00ed \u010desk\u00e9 finan\u010dn\u00ed a telekomunika\u010dn\u00ed spole\u010dnosti, kter\u00fdm tak m\u016f\u017eeme pom\u00e1hat s budov\u00e1n\u00edm jejich konkuren\u010dn\u00ed v\u00fdhody postaven\u00e9 na lidech, kte\u0159\u00ed pro n\u011b pracuj\u00ed.<\/li><li><strong>Jsme povolenou agenturou pr\u00e1ce: <\/strong>M\u00e1me povolen\u00ed ke zprost\u0159edkov\u00e1n\u00ed zam\u011bstn\u00e1n\u00ed podle \u00a7 60 odst. 1 z\u00e1kona o zam\u011bstnanosti, v oboru: Informa\u010dn\u00ed technologie, ve form\u00e1ch zprost\u0159edkov\u00e1n\u00ed podle \u00a7 14 odst. 1 p\u00edsm. a) a c) z\u00e1kona o zam\u011bstnanosti.<\/li><\/ul>","protected":false},"excerpt":{"rendered":"<p>The people who work for you are a key source of your competitive advantage. Our mission is to help you build this advantage through our Recruitment Services. Unlike traditional employment agencies, our Recruitment Services are based on a deep understanding of Data &amp; Analytics and Information Systems, areas in which we also directly deliver our [&hellip;]<\/p>","protected":false},"author":2,"featured_media":0,"parent":0,"menu_order":0,"comment_status":"closed","ping_status":"closed","template":"templates\/template-cover.php","meta":{"inline_featured_image":false,"footnotes":""},"class_list":["post-2787","page","type-page","status-publish","hentry"],"featured_image_src":null,"featured_image_src_square":null,"yoast_head":"<!-- This site is optimized with the Yoast SEO plugin v14.9 - https:\/\/yoast.com\/wordpress\/plugins\/seo\/ -->\n<title>Recruitment Services - Your Edge<\/title>\n<meta name=\"robots\" content=\"index, follow, max-snippet:-1, max-image-preview:large, max-video-preview:-1\" \/>\n<link rel=\"canonical\" href=\"https:\/\/www.youredge.eu\/cs\/recruitment-services\/\" \/>\n<meta property=\"og:locale\" content=\"cs_CZ\" \/>\n<meta property=\"og:type\" content=\"article\" \/>\n<meta property=\"og:title\" content=\"Recruitment Services - Your Edge\" \/>\n<meta property=\"og:description\" content=\"The people who work for you are a key source of your competitive advantage. Our mission is to help you build this advantage through our Recruitment Services. Unlike traditional employment agencies, our Recruitment Services are based on a deep understanding of Data &amp; Analytics and Information Systems, areas in which we also directly deliver our [&hellip;]\" \/>\n<meta property=\"og:url\" content=\"https:\/\/www.youredge.eu\/cs\/recruitment-services\/\" \/>\n<meta property=\"og:site_name\" content=\"Your Edge\" \/>\n<meta property=\"article:modified_time\" content=\"2024-01-09T18:54:15+00:00\" \/>\n<meta name=\"twitter:card\" content=\"summary_large_image\" \/>\n<script type=\"application\/ld+json\" class=\"yoast-schema-graph\">{\"@context\":\"https:\/\/schema.org\",\"@graph\":[{\"@type\":\"Organization\",\"@id\":\"https:\/\/www.youredge.eu\/cs\/#organization\",\"name\":\"Your Edge\",\"url\":\"https:\/\/www.youredge.eu\/cs\/\",\"sameAs\":[],\"logo\":{\"@type\":\"ImageObject\",\"@id\":\"https:\/\/www.youredge.eu\/cs\/#logo\",\"inLanguage\":\"cs\",\"url\":\"https:\/\/www.youredge.eu\/wp-content\/uploads\/2020\/06\/site-logo.png\",\"width\":40,\"height\":40,\"caption\":\"Your Edge\"},\"image\":{\"@id\":\"https:\/\/www.youredge.eu\/cs\/#logo\"}},{\"@type\":\"WebSite\",\"@id\":\"https:\/\/www.youredge.eu\/cs\/#website\",\"url\":\"https:\/\/www.youredge.eu\/cs\/\",\"name\":\"Your Edge\",\"description\":\"\",\"publisher\":{\"@id\":\"https:\/\/www.youredge.eu\/cs\/#organization\"},\"potentialAction\":[{\"@type\":\"SearchAction\",\"target\":\"https:\/\/www.youredge.eu\/cs\/?s={search_term_string}\",\"query-input\":\"required name=search_term_string\"}],\"inLanguage\":\"cs\"},{\"@type\":\"WebPage\",\"@id\":\"https:\/\/www.youredge.eu\/cs\/recruitment-services\/#webpage\",\"url\":\"https:\/\/www.youredge.eu\/cs\/recruitment-services\/\",\"name\":\"Recruitment Services - Your Edge\",\"isPartOf\":{\"@id\":\"https:\/\/www.youredge.eu\/cs\/#website\"},\"datePublished\":\"2024-01-05T00:28:50+00:00\",\"dateModified\":\"2024-01-09T18:54:15+00:00\",\"inLanguage\":\"cs\",\"potentialAction\":[{\"@type\":\"ReadAction\",\"target\":[\"https:\/\/www.youredge.eu\/cs\/recruitment-services\/\"]}]}]}<\/script>\n<!-- \/ Yoast SEO plugin. -->","_links":{"self":[{"href":"https:\/\/www.youredge.eu\/cs\/wp-json\/wp\/v2\/pages\/2787"}],"collection":[{"href":"https:\/\/www.youredge.eu\/cs\/wp-json\/wp\/v2\/pages"}],"about":[{"href":"https:\/\/www.youredge.eu\/cs\/wp-json\/wp\/v2\/types\/page"}],"author":[{"embeddable":true,"href":"https:\/\/www.youredge.eu\/cs\/wp-json\/wp\/v2\/users\/2"}],"replies":[{"embeddable":true,"href":"https:\/\/www.youredge.eu\/cs\/wp-json\/wp\/v2\/comments?post=2787"}],"version-history":[{"count":8,"href":"https:\/\/www.youredge.eu\/cs\/wp-json\/wp\/v2\/pages\/2787\/revisions"}],"predecessor-version":[{"id":2841,"href":"https:\/\/www.youredge.eu\/cs\/wp-json\/wp\/v2\/pages\/2787\/revisions\/2841"}],"wp:attachment":[{"href":"https:\/\/www.youredge.eu\/cs\/wp-json\/wp\/v2\/media?parent=2787"}],"curies":[{"name":"wp","href":"https:\/\/api.w.org\/{rel}","templated":true}]}}