{"id":3000,"date":"2024-09-25T14:25:42","date_gmt":"2024-09-25T14:25:42","guid":{"rendered":"https:\/\/www.youredge.eu\/?page_id=3000"},"modified":"2024-09-25T15:00:40","modified_gmt":"2024-09-25T15:00:40","slug":"master-data-management","status":"publish","type":"page","link":"https:\/\/www.youredge.eu\/cs\/data-and-analytics\/master-data-management\/","title":{"rendered":"Master Data Management"},"content":{"rendered":"<div style=\"height:20px\" aria-hidden=\"true\" class=\"wp-block-spacer\"><\/div>\n\n\n<\/p>\n\n\n\n<hr class=\"wp-block-separator has-css-opacity\"\/>\n\n\n\n<h6 class=\"wp-block-heading has-text-align-center extra-bottom-margin\">Jak pom\u00e1h\u00e1me<\/h6>\n\n\n<\/p>\n\n\n\n<hr class=\"wp-block-separator has-css-opacity\"\/>\n\n\n\n<h6 class=\"wp-block-heading has-text-align-center extra-bottom-margin\">N\u00e1\u0161 p\u0159\u00edstup<\/h6>\n\n\n<section class=\"ab-block-post-grid featuredpost aligncenter\"><div class=\"ab-post-grid-items is-list\"><article id=\"post-3002\" class=\"ab-post-grid-item post-3002 post type-post status-publish format-standard has-post-thumbnail hentry category-mdm-our-approach category-your-edge-blog\"><div class=\"ab-block-post-grid-image\"><a href=\"https:\/\/www.youredge.eu\/cs\/master-person-system\/\" rel=\"bookmark\" aria-hidden=\"true\" tabindex=\"-1\"><img loading=\"lazy\" decoding=\"async\" width=\"468\" height=\"400\" src=\"https:\/\/www.youredge.eu\/wp-content\/uploads\/2024\/09\/Master_Person_System-High-level-Architecture-Consolidated.drawio.svg\" class=\"attachment-ab-block-post-grid-landscape size-ab-block-post-grid-landscape\" alt=\"\" \/><\/a><\/div><div class=\"ab-block-post-grid-text\"><header class=\"ab-block-post-grid-header\"><h3 class=\"ab-block-post-grid-title\"><a href=\"https:\/\/www.youredge.eu\/cs\/master-person-system\/\" rel=\"bookmark\">Master Person System<\/a><\/h3><div class=\"ab-block-post-grid-byline\"><\/div><\/header><div class=\"ab-block-post-grid-excerpt\"><p>Entita dat o osob\u00e1ch (d\u00e1le tak\u00e9 jen \u201eParty\u201c) je obvykle kl\u00ed\u010dov\u00e1 pro jak\u00fdkoliv obchodn\u00ed informa\u010dn\u00ed syst\u00e9m. Party m\u016f\u017ee reprezentovat fyzick\u00e9 osoby (nap\u0159. leady, z\u00e1kazn\u00edky) nebo pr\u00e1vnick\u00e9 osoby (nap\u0159. dodavatele, odb\u011bratele).<br \/>\nMaster Person System je na\u0161\u00edm \u0159e\u0161en\u00edm pro Master Data Management pro entitu Party. Na\u0161e \u0159e\u0161en\u00ed nen\u00ed samo o sob\u011b jedin\u00fdm kompaktn\u00edm produktem, ale sp\u00ed\u0161e souborem n\u00e1stroj\u016f, kter\u00e9 jsme \u00fasp\u011b\u0161n\u011b implementovali a vyu\u017eili a kter\u00e9 budeme aplikovat v na\u0161ich budouc\u00edch projektech.<\/p>\n<p><a class=\"ab-block-post-grid-more-link ab-text-link\" href=\"https:\/\/www.youredge.eu\/cs\/master-person-system\/\" rel=\"bookmark\">\u010c\u00edst v\u00edce &gt; <span class=\"screen-reader-text\">Master Person System<\/span><\/a><\/p><\/div><\/div><\/article>\n<\/div><\/section>\n\n\n<hr class=\"wp-block-separator has-css-opacity\"\/>\n\n\n\n<h6 class=\"wp-block-heading has-text-align-center extra-bottom-margin\">Na\u0161e \u0159e\u0161en\u00ed<\/h6>\n\n\n<section class=\"ab-block-post-grid featuredpost aligncenter no-click\"><div class=\"ab-post-grid-items is-grid columns-1\"><article id=\"post-3010\" class=\"ab-post-grid-item post-3010 post type-post status-publish format-standard has-post-thumbnail hentry category-mdm-our-solutions category-your-edge-blog\"><div class=\"ab-block-post-grid-image\"><a href=\"https:\/\/www.youredge.eu\/cs\/master-data-management-services\/\" rel=\"bookmark\" aria-hidden=\"true\" tabindex=\"-1\"><img loading=\"lazy\" decoding=\"async\" width=\"600\" height=\"400\" src=\"https:\/\/www.youredge.eu\/wp-content\/uploads\/2020\/06\/15-600x400.png\" class=\"attachment-ab-block-post-grid-landscape size-ab-block-post-grid-landscape\" alt=\"\" \/><\/a><\/div><div class=\"ab-block-post-grid-text\"><header class=\"ab-block-post-grid-header\"><h4 class=\"ab-block-post-grid-title\"><a href=\"https:\/\/www.youredge.eu\/cs\/master-data-management-services\/\" rel=\"bookmark\">Master Data Management Services<\/a><\/h4><div class=\"ab-block-post-grid-byline\"><\/div><\/header><div class=\"ab-block-post-grid-excerpt\"><p>Poskytujeme slu\u017eby v oblasti p\u0159\u00edpravy strategie, podpory pro v\u00fdb\u011br \u0159e\u0161en\u00ed (RFP), anal\u00fdzy, n\u00e1vrhu a implementace Master Data Management<\/p>\n<\/div><\/div><\/article>\n<article id=\"post-3012\" class=\"ab-post-grid-item post-3012 post type-post status-publish format-standard has-post-thumbnail hentry category-mdm-our-solutions category-your-edge-blog\"><div class=\"ab-block-post-grid-image\"><a href=\"https:\/\/www.youredge.eu\/cs\/master-person-system-implementation\/\" rel=\"bookmark\" aria-hidden=\"true\" tabindex=\"-1\"><img loading=\"lazy\" decoding=\"async\" width=\"600\" height=\"400\" src=\"https:\/\/www.youredge.eu\/wp-content\/uploads\/2020\/06\/10-600x400.png\" class=\"attachment-ab-block-post-grid-landscape size-ab-block-post-grid-landscape\" alt=\"\" \/><\/a><\/div><div class=\"ab-block-post-grid-text\"><header class=\"ab-block-post-grid-header\"><h4 class=\"ab-block-post-grid-title\"><a href=\"https:\/\/www.youredge.eu\/cs\/master-person-system-implementation\/\" rel=\"bookmark\">Implementace Master Person System<\/a><\/h4><div class=\"ab-block-post-grid-byline\"><\/div><\/header><div class=\"ab-block-post-grid-excerpt\"><p>Budujeme \u0159e\u0161en\u00ed pro Master Data Management, postaven\u00e9 na na\u0161em frameworku Master Person System<\/p>\n<\/div><\/div><\/article>\n<\/div><\/section>\n\n\n<hr class=\"wp-block-separator has-css-opacity\"\/>\n\n\n\n<h6 class=\"wp-block-heading has-text-align-center extra-bottom-margin\">P\u0159\u00edb\u011bh klienta<\/h6>\n\n\n<section class=\"ab-block-post-grid featuredpost aligncenter\"><div class=\"ab-post-grid-items is-list\"><article id=\"post-3014\" class=\"ab-post-grid-item post-3014 post type-post status-publish format-standard has-post-thumbnail hentry category-mdm-client-story category-your-edge-blog\"><div class=\"ab-block-post-grid-image\"><a href=\"https:\/\/www.youredge.eu\/cs\/master-person-system-2\/\" rel=\"bookmark\" aria-hidden=\"true\" tabindex=\"-1\"><img loading=\"lazy\" decoding=\"async\" width=\"468\" height=\"400\" src=\"https:\/\/www.youredge.eu\/wp-content\/uploads\/2024\/09\/Master_Person_System-High-level-Architecture-Consolidated.drawio.svg\" class=\"attachment-ab-block-post-grid-landscape size-ab-block-post-grid-landscape\" alt=\"\" \/><\/a><\/div><div class=\"ab-block-post-grid-text\"><header class=\"ab-block-post-grid-header\"><h3 class=\"ab-block-post-grid-title\"><a href=\"https:\/\/www.youredge.eu\/cs\/master-person-system-2\/\" rel=\"bookmark\">Master Person System<\/a><\/h3><div class=\"ab-block-post-grid-byline\"><\/div><\/header><div class=\"ab-block-post-grid-excerpt\"><p>C\u00edlem projektu New CRM byla n\u00e1hrada on-premises CRM nov\u00fdm \u0159e\u0161en\u00edm v cloudu, co\u017e s sebou p\u0159ineslo nutnost v\u00fdznamn\u00fdch zm\u011bn nap\u0159\u00ed\u010d IT architekturou a p\u0159\u00edle\u017eitost modernizovat business architekturu.<br \/>\nDo projektu jsme dodali anal\u00fdzu, architekturu, detailn\u00ed n\u00e1vrh, implementaci a podporu test\u016f komponent pro konsolidaci osob a spr\u00e1vu osobn\u00edch souhlas\u016f.<\/p>\n<p><a class=\"ab-block-post-grid-more-link ab-text-link\" href=\"https:\/\/www.youredge.eu\/cs\/master-person-system-2\/\" rel=\"bookmark\">\u010c\u00edst v\u00edce &gt; <span class=\"screen-reader-text\">Master Person System<\/span><\/a><\/p><\/div><\/div><\/article>\n<\/div><\/section>\n\n\n<hr class=\"wp-block-separator has-css-opacity\"\/>\n\n\n\n<h6 class=\"wp-block-heading has-text-align-center extra-bottom-margin\">Bezplatn\u00e9 posouzen\u00ed<\/h6>\n\n\n<section class=\"ab-block-post-grid featuredpost aligncenter no-click\"><div class=\"ab-post-grid-items is-grid columns-1\"><article id=\"post-3016\" class=\"ab-post-grid-item post-3016 post type-post status-publish format-standard has-post-thumbnail hentry category-mdm-assessment category-your-edge-blog\"><div class=\"ab-block-post-grid-image\"><a href=\"https:\/\/www.youredge.eu\/cs\/master-data-management-assessment\/\" rel=\"bookmark\" aria-hidden=\"true\" tabindex=\"-1\"><img loading=\"lazy\" decoding=\"async\" width=\"600\" height=\"400\" src=\"https:\/\/www.youredge.eu\/wp-content\/uploads\/2020\/06\/15-600x400.png\" class=\"attachment-ab-block-post-grid-landscape size-ab-block-post-grid-landscape\" alt=\"\" \/><\/a><\/div><div class=\"ab-block-post-grid-text\"><header class=\"ab-block-post-grid-header\"><h4 class=\"ab-block-post-grid-title\"><a href=\"https:\/\/www.youredge.eu\/cs\/master-data-management-assessment\/\" rel=\"bookmark\">Posouzen\u00ed Master Data Management<\/a><\/h4><div class=\"ab-block-post-grid-byline\"><\/div><\/header><div class=\"ab-block-post-grid-excerpt\"><p>Realizujeme posouzen\u00ed aktu\u00e1ln\u00ed pr\u00e1ce s master daty, identifikujeme problematick\u00e9 aspekty a p\u0159\u00edle\u017eitosti pro zlep\u0161en\u00ed<\/p>\n<\/div><\/div><\/article>\n<\/div><\/section>\n\n\n<p>* Master Data Management and Customer Data Integration for a Global enterprise, Alex Berson, Larry Dubov<\/p>","protected":false},"excerpt":{"rendered":"<p>how we help our approach our solutions client story free assessment * Master Data Management and Customer Data Integration for a Global enterprise, Alex Berson, Larry Dubov<\/p>","protected":false},"author":2,"featured_media":0,"parent":2,"menu_order":0,"comment_status":"closed","ping_status":"closed","template":"templates\/template-cover.php","meta":{"inline_featured_image":false,"footnotes":""},"class_list":["post-3000","page","type-page","status-publish","hentry"],"featured_image_src":null,"featured_image_src_square":null,"yoast_head":"<!-- This site is optimized with the Yoast SEO plugin v14.9 - https:\/\/yoast.com\/wordpress\/plugins\/seo\/ -->\n<title>Master Data Management - Your Edge<\/title>\n<meta name=\"robots\" content=\"index, follow, max-snippet:-1, max-image-preview:large, max-video-preview:-1\" \/>\n<link rel=\"canonical\" href=\"https:\/\/www.youredge.eu\/cs\/data-and-analytics\/master-data-management\/\" \/>\n<meta property=\"og:locale\" content=\"cs_CZ\" \/>\n<meta property=\"og:type\" content=\"article\" \/>\n<meta property=\"og:title\" content=\"Master Data Management - Your Edge\" \/>\n<meta property=\"og:description\" content=\"how we help our approach our solutions client story free assessment * Master Data Management and Customer Data Integration for a Global enterprise, Alex Berson, Larry Dubov\" \/>\n<meta property=\"og:url\" content=\"https:\/\/www.youredge.eu\/cs\/data-and-analytics\/master-data-management\/\" \/>\n<meta property=\"og:site_name\" content=\"Your Edge\" \/>\n<meta property=\"article:modified_time\" content=\"2024-09-25T15:00:40+00:00\" \/>\n<meta name=\"twitter:card\" content=\"summary_large_image\" \/>\n<script type=\"application\/ld+json\" class=\"yoast-schema-graph\">{\"@context\":\"https:\/\/schema.org\",\"@graph\":[{\"@type\":\"Organization\",\"@id\":\"https:\/\/www.youredge.eu\/cs\/#organization\",\"name\":\"Your Edge\",\"url\":\"https:\/\/www.youredge.eu\/cs\/\",\"sameAs\":[],\"logo\":{\"@type\":\"ImageObject\",\"@id\":\"https:\/\/www.youredge.eu\/cs\/#logo\",\"inLanguage\":\"cs\",\"url\":\"https:\/\/www.youredge.eu\/wp-content\/uploads\/2020\/06\/site-logo.png\",\"width\":40,\"height\":40,\"caption\":\"Your Edge\"},\"image\":{\"@id\":\"https:\/\/www.youredge.eu\/cs\/#logo\"}},{\"@type\":\"WebSite\",\"@id\":\"https:\/\/www.youredge.eu\/cs\/#website\",\"url\":\"https:\/\/www.youredge.eu\/cs\/\",\"name\":\"Your Edge\",\"description\":\"\",\"publisher\":{\"@id\":\"https:\/\/www.youredge.eu\/cs\/#organization\"},\"potentialAction\":[{\"@type\":\"SearchAction\",\"target\":\"https:\/\/www.youredge.eu\/cs\/?s={search_term_string}\",\"query-input\":\"required name=search_term_string\"}],\"inLanguage\":\"cs\"},{\"@type\":\"WebPage\",\"@id\":\"https:\/\/www.youredge.eu\/cs\/data-and-analytics\/master-data-management\/#webpage\",\"url\":\"https:\/\/www.youredge.eu\/cs\/data-and-analytics\/master-data-management\/\",\"name\":\"Master Data Management - Your Edge\",\"isPartOf\":{\"@id\":\"https:\/\/www.youredge.eu\/cs\/#website\"},\"datePublished\":\"2024-09-25T14:25:42+00:00\",\"dateModified\":\"2024-09-25T15:00:40+00:00\",\"inLanguage\":\"cs\",\"potentialAction\":[{\"@type\":\"ReadAction\",\"target\":[\"https:\/\/www.youredge.eu\/cs\/data-and-analytics\/master-data-management\/\"]}]}]}<\/script>\n<!-- \/ Yoast SEO plugin. -->","_links":{"self":[{"href":"https:\/\/www.youredge.eu\/cs\/wp-json\/wp\/v2\/pages\/3000"}],"collection":[{"href":"https:\/\/www.youredge.eu\/cs\/wp-json\/wp\/v2\/pages"}],"about":[{"href":"https:\/\/www.youredge.eu\/cs\/wp-json\/wp\/v2\/types\/page"}],"author":[{"embeddable":true,"href":"https:\/\/www.youredge.eu\/cs\/wp-json\/wp\/v2\/users\/2"}],"replies":[{"embeddable":true,"href":"https:\/\/www.youredge.eu\/cs\/wp-json\/wp\/v2\/comments?post=3000"}],"version-history":[{"count":2,"href":"https:\/\/www.youredge.eu\/cs\/wp-json\/wp\/v2\/pages\/3000\/revisions"}],"predecessor-version":[{"id":3009,"href":"https:\/\/www.youredge.eu\/cs\/wp-json\/wp\/v2\/pages\/3000\/revisions\/3009"}],"up":[{"embeddable":true,"href":"https:\/\/www.youredge.eu\/cs\/wp-json\/wp\/v2\/pages\/2"}],"wp:attachment":[{"href":"https:\/\/www.youredge.eu\/cs\/wp-json\/wp\/v2\/media?parent=3000"}],"curies":[{"name":"wp","href":"https:\/\/api.w.org\/{rel}","templated":true}]}}